{"id":1130,"date":"2023-11-02T15:49:23","date_gmt":"2023-11-02T15:49:23","guid":{"rendered":"https:\/\/smilersvitrine.wpenginepowered.com\/startseite-kieferorthopaeden\/schulungen\/"},"modified":"2024-04-23T08:55:29","modified_gmt":"2024-04-23T08:55:29","slug":"schulungen","status":"publish","type":"page","link":"https:\/\/pro-smilers.biotech-dental.com\/de\/startseite-kieferorthopaeden\/schulungen\/","title":{"rendered":"Schulungen"},"content":{"rendered":"","protected":false},"excerpt":{"rendered":"","protected":false},"author":1,"featured_media":0,"parent":1107,"menu_order":0,"comment_status":"closed","ping_status":"closed","template":"","meta":{"footnotes":""},"class_list":["post-1130","page","type-page","status-publish","hentry"],"yoast_head":"<!-- This site is optimized with the Yoast SEO plugin v23.3 - https:\/\/yoast.com\/wordpress\/plugins\/seo\/ -->\n<title>Schulungen - Smilers: Dentistes<\/title>\n<meta name=\"description\" content=\"Schulungen | Smilers\u00ae Expert | Spezielle Schulungen f\u00fcr Kieferorthop\u00e4den \u00fcber die Biotech Dental Academy.\" \/>\n<meta name=\"robots\" content=\"index, follow, max-snippet:-1, max-image-preview:large, max-video-preview:-1\" \/>\n<link rel=\"canonical\" href=\"https:\/\/pro-smilers.biotech-dental.com\/de\/startseite-kieferorthopaeden\/schulungen\/\" \/>\n<meta property=\"og:locale\" content=\"de_DE\" \/>\n<meta property=\"og:type\" content=\"article\" \/>\n<meta property=\"og:title\" content=\"Schulungen - Smilers: Dentistes\" \/>\n<meta property=\"og:description\" content=\"Schulungen | Smilers\u00ae Expert | Spezielle Schulungen f\u00fcr Kieferorthop\u00e4den \u00fcber die Biotech Dental Academy.\" \/>\n<meta property=\"og:url\" content=\"https:\/\/pro-smilers.biotech-dental.com\/de\/startseite-kieferorthopaeden\/schulungen\/\" \/>\n<meta property=\"og:site_name\" content=\"Smilers: Dentistes\" \/>\n<meta property=\"article:publisher\" content=\"https:\/\/www.facebook.com\/SmilersAligners\/\" \/>\n<meta property=\"article:modified_time\" content=\"2024-04-23T08:55:29+00:00\" \/>\n<meta name=\"twitter:card\" content=\"summary_large_image\" \/>\n<script type=\"application\/ld+json\" class=\"yoast-schema-graph\">{\"@context\":\"https:\/\/schema.org\",\"@graph\":[{\"@type\":\"WebPage\",\"@id\":\"https:\/\/pro-smilers.biotech-dental.com\/de\/startseite-kieferorthopaeden\/schulungen\/\",\"url\":\"https:\/\/pro-smilers.biotech-dental.com\/de\/startseite-kieferorthopaeden\/schulungen\/\",\"name\":\"Schulungen - Smilers: Dentistes\",\"isPartOf\":{\"@id\":\"https:\/\/pro-smilers.biotech-dental.com\/de\/#website\"},\"datePublished\":\"2023-11-02T15:49:23+00:00\",\"dateModified\":\"2024-04-23T08:55:29+00:00\",\"description\":\"Schulungen | Smilers\u00ae Expert | Spezielle Schulungen f\u00fcr Kieferorthop\u00e4den \u00fcber die Biotech Dental Academy.\",\"breadcrumb\":{\"@id\":\"https:\/\/pro-smilers.biotech-dental.com\/de\/startseite-kieferorthopaeden\/schulungen\/#breadcrumb\"},\"inLanguage\":\"de-DE\",\"potentialAction\":[{\"@type\":\"ReadAction\",\"target\":[\"https:\/\/pro-smilers.biotech-dental.com\/de\/startseite-kieferorthopaeden\/schulungen\/\"]}]},{\"@type\":\"BreadcrumbList\",\"@id\":\"https:\/\/pro-smilers.biotech-dental.com\/de\/startseite-kieferorthopaeden\/schulungen\/#breadcrumb\",\"itemListElement\":[{\"@type\":\"ListItem\",\"position\":1,\"name\":\"Accueil\",\"item\":\"https:\/\/pro-smilers.biotech-dental.com\/de\/startseite\/\"},{\"@type\":\"ListItem\",\"position\":2,\"name\":\"Startseite Kieferorthop\u00e4den\",\"item\":\"https:\/\/pro-smilers.biotech-dental.com\/de\/startseite-kieferorthopaeden\/\"},{\"@type\":\"ListItem\",\"position\":3,\"name\":\"Schulungen\"}]},{\"@type\":\"WebSite\",\"@id\":\"https:\/\/pro-smilers.biotech-dental.com\/de\/#website\",\"url\":\"https:\/\/pro-smilers.biotech-dental.com\/de\/\",\"name\":\"Smilers: Dentistes\",\"description\":\"Smilers est un dispositif m\u00e9dical sur mesure r\u00e9serv\u00e9 aux dentistes et aux orthodontistes permettant la correction de l&#039;alignement de la denture.\",\"publisher\":{\"@id\":\"https:\/\/pro-smilers.biotech-dental.com\/de\/#organization\"},\"potentialAction\":[{\"@type\":\"SearchAction\",\"target\":{\"@type\":\"EntryPoint\",\"urlTemplate\":\"https:\/\/pro-smilers.biotech-dental.com\/de\/?s={search_term_string}\"},\"query-input\":\"required name=search_term_string\"}],\"inLanguage\":\"de-DE\"},{\"@type\":\"Organization\",\"@id\":\"https:\/\/pro-smilers.biotech-dental.com\/de\/#organization\",\"name\":\"Smilers: Dentistes\",\"url\":\"https:\/\/pro-smilers.biotech-dental.com\/de\/\",\"logo\":{\"@type\":\"ImageObject\",\"inLanguage\":\"de-DE\",\"@id\":\"https:\/\/pro-smilers.biotech-dental.com\/de\/#\/schema\/logo\/image\/\",\"url\":\"https:\/\/pro-smilers.biotech-dental.com\/wp-content\/uploads\/2023\/09\/cropped-Logo-e1695977832675.png\",\"contentUrl\":\"https:\/\/pro-smilers.biotech-dental.com\/wp-content\/uploads\/2023\/09\/cropped-Logo-e1695977832675.png\",\"width\":712,\"height\":133,\"caption\":\"Smilers: Dentistes\"},\"image\":{\"@id\":\"https:\/\/pro-smilers.biotech-dental.com\/de\/#\/schema\/logo\/image\/\"},\"sameAs\":[\"https:\/\/www.facebook.com\/SmilersAligners\/\",\"https:\/\/www.instagram.com\/smilers_aligners\"]}]}<\/script>\n<!-- \/ Yoast SEO plugin. -->","yoast_head_json":{"title":"Schulungen - Smilers: Dentistes","description":"Schulungen | Smilers\u00ae Expert | Spezielle Schulungen f\u00fcr Kieferorthop\u00e4den \u00fcber die Biotech Dental Academy.","robots":{"index":"index","follow":"follow","max-snippet":"max-snippet:-1","max-image-preview":"max-image-preview:large","max-video-preview":"max-video-preview:-1"},"canonical":"https:\/\/pro-smilers.biotech-dental.com\/de\/startseite-kieferorthopaeden\/schulungen\/","og_locale":"de_DE","og_type":"article","og_title":"Schulungen - Smilers: Dentistes","og_description":"Schulungen | Smilers\u00ae Expert | Spezielle Schulungen f\u00fcr Kieferorthop\u00e4den \u00fcber die Biotech Dental Academy.","og_url":"https:\/\/pro-smilers.biotech-dental.com\/de\/startseite-kieferorthopaeden\/schulungen\/","og_site_name":"Smilers: Dentistes","article_publisher":"https:\/\/www.facebook.com\/SmilersAligners\/","article_modified_time":"2024-04-23T08:55:29+00:00","twitter_card":"summary_large_image","schema":{"@context":"https:\/\/schema.org","@graph":[{"@type":"WebPage","@id":"https:\/\/pro-smilers.biotech-dental.com\/de\/startseite-kieferorthopaeden\/schulungen\/","url":"https:\/\/pro-smilers.biotech-dental.com\/de\/startseite-kieferorthopaeden\/schulungen\/","name":"Schulungen - Smilers: Dentistes","isPartOf":{"@id":"https:\/\/pro-smilers.biotech-dental.com\/de\/#website"},"datePublished":"2023-11-02T15:49:23+00:00","dateModified":"2024-04-23T08:55:29+00:00","description":"Schulungen | Smilers\u00ae Expert | Spezielle Schulungen f\u00fcr Kieferorthop\u00e4den \u00fcber die Biotech Dental Academy.","breadcrumb":{"@id":"https:\/\/pro-smilers.biotech-dental.com\/de\/startseite-kieferorthopaeden\/schulungen\/#breadcrumb"},"inLanguage":"de-DE","potentialAction":[{"@type":"ReadAction","target":["https:\/\/pro-smilers.biotech-dental.com\/de\/startseite-kieferorthopaeden\/schulungen\/"]}]},{"@type":"BreadcrumbList","@id":"https:\/\/pro-smilers.biotech-dental.com\/de\/startseite-kieferorthopaeden\/schulungen\/#breadcrumb","itemListElement":[{"@type":"ListItem","position":1,"name":"Accueil","item":"https:\/\/pro-smilers.biotech-dental.com\/de\/startseite\/"},{"@type":"ListItem","position":2,"name":"Startseite Kieferorthop\u00e4den","item":"https:\/\/pro-smilers.biotech-dental.com\/de\/startseite-kieferorthopaeden\/"},{"@type":"ListItem","position":3,"name":"Schulungen"}]},{"@type":"WebSite","@id":"https:\/\/pro-smilers.biotech-dental.com\/de\/#website","url":"https:\/\/pro-smilers.biotech-dental.com\/de\/","name":"Smilers: Dentistes","description":"Smilers est un dispositif m\u00e9dical sur mesure r\u00e9serv\u00e9 aux dentistes et aux orthodontistes permettant la correction de l&#039;alignement de la denture.","publisher":{"@id":"https:\/\/pro-smilers.biotech-dental.com\/de\/#organization"},"potentialAction":[{"@type":"SearchAction","target":{"@type":"EntryPoint","urlTemplate":"https:\/\/pro-smilers.biotech-dental.com\/de\/?s={search_term_string}"},"query-input":"required name=search_term_string"}],"inLanguage":"de-DE"},{"@type":"Organization","@id":"https:\/\/pro-smilers.biotech-dental.com\/de\/#organization","name":"Smilers: Dentistes","url":"https:\/\/pro-smilers.biotech-dental.com\/de\/","logo":{"@type":"ImageObject","inLanguage":"de-DE","@id":"https:\/\/pro-smilers.biotech-dental.com\/de\/#\/schema\/logo\/image\/","url":"https:\/\/pro-smilers.biotech-dental.com\/wp-content\/uploads\/2023\/09\/cropped-Logo-e1695977832675.png","contentUrl":"https:\/\/pro-smilers.biotech-dental.com\/wp-content\/uploads\/2023\/09\/cropped-Logo-e1695977832675.png","width":712,"height":133,"caption":"Smilers: Dentistes"},"image":{"@id":"https:\/\/pro-smilers.biotech-dental.com\/de\/#\/schema\/logo\/image\/"},"sameAs":["https:\/\/www.facebook.com\/SmilersAligners\/","https:\/\/www.instagram.com\/smilers_aligners"]}]}},"featured_image_src":null,"featured_image_src_square":null,"_links":{"self":[{"href":"https:\/\/pro-smilers.biotech-dental.com\/de\/wp-json\/wp\/v2\/pages\/1130","targetHints":{"allow":["GET"]}}],"collection":[{"href":"https:\/\/pro-smilers.biotech-dental.com\/de\/wp-json\/wp\/v2\/pages"}],"about":[{"href":"https:\/\/pro-smilers.biotech-dental.com\/de\/wp-json\/wp\/v2\/types\/page"}],"author":[{"embeddable":true,"href":"https:\/\/pro-smilers.biotech-dental.com\/de\/wp-json\/wp\/v2\/users\/1"}],"replies":[{"embeddable":true,"href":"https:\/\/pro-smilers.biotech-dental.com\/de\/wp-json\/wp\/v2\/comments?post=1130"}],"version-history":[{"count":0,"href":"https:\/\/pro-smilers.biotech-dental.com\/de\/wp-json\/wp\/v2\/pages\/1130\/revisions"}],"up":[{"embeddable":true,"href":"https:\/\/pro-smilers.biotech-dental.com\/de\/wp-json\/wp\/v2\/pages\/1107"}],"wp:attachment":[{"href":"https:\/\/pro-smilers.biotech-dental.com\/de\/wp-json\/wp\/v2\/media?parent=1130"}],"curies":[{"name":"wp","href":"https:\/\/api.w.org\/{rel}","templated":true}]}}