{"id":950,"date":"2023-09-29T08:36:49","date_gmt":"2023-09-29T08:36:49","guid":{"rendered":"https:\/\/smilersvitrine.wpenginepowered.com\/tarife\/"},"modified":"2024-04-23T08:50:05","modified_gmt":"2024-04-23T08:50:05","slug":"tarife","status":"publish","type":"page","link":"https:\/\/pro-smilers.biotech-dental.com\/de\/startseite-allgemeinmediziner\/tarife\/","title":{"rendered":"Tarife"},"content":{"rendered":"","protected":false},"excerpt":{"rendered":"","protected":false},"author":1,"featured_media":0,"parent":951,"menu_order":0,"comment_status":"closed","ping_status":"closed","template":"","meta":{"footnotes":""},"class_list":["post-950","page","type-page","status-publish","hentry"],"yoast_head":"<!-- This site is optimized with the Yoast SEO plugin v23.3 - https:\/\/yoast.com\/wordpress\/plugins\/seo\/ -->\n<title>Tarife - Smilers: Dentistes<\/title>\n<meta name=\"description\" content=\"Preise | Angebote | Smilers\u00ae | Entdecken Sie unsere speziellen Pakete f\u00fcr Allgemeinmediziner, die von \u00e4sthetischen bis hin zu erweiterten Paketen reichen.\" \/>\n<meta name=\"robots\" content=\"index, follow, max-snippet:-1, max-image-preview:large, max-video-preview:-1\" \/>\n<link rel=\"canonical\" href=\"https:\/\/pro-smilers.biotech-dental.com\/de\/startseite-allgemeinmediziner\/tarife\/\" \/>\n<meta property=\"og:locale\" content=\"de_DE\" \/>\n<meta property=\"og:type\" content=\"article\" \/>\n<meta property=\"og:title\" content=\"Tarife - Smilers: Dentistes\" \/>\n<meta property=\"og:description\" content=\"Preise | Angebote | Smilers\u00ae | Entdecken Sie unsere speziellen Pakete f\u00fcr Allgemeinmediziner, die von \u00e4sthetischen bis hin zu erweiterten Paketen reichen.\" \/>\n<meta property=\"og:url\" content=\"https:\/\/pro-smilers.biotech-dental.com\/de\/startseite-allgemeinmediziner\/tarife\/\" \/>\n<meta property=\"og:site_name\" content=\"Smilers: Dentistes\" \/>\n<meta property=\"article:publisher\" content=\"https:\/\/www.facebook.com\/SmilersAligners\/\" \/>\n<meta property=\"article:modified_time\" content=\"2024-04-23T08:50:05+00:00\" \/>\n<meta name=\"twitter:card\" content=\"summary_large_image\" \/>\n<script type=\"application\/ld+json\" class=\"yoast-schema-graph\">{\"@context\":\"https:\/\/schema.org\",\"@graph\":[{\"@type\":\"WebPage\",\"@id\":\"https:\/\/pro-smilers.biotech-dental.com\/de\/startseite-allgemeinmediziner\/tarife\/\",\"url\":\"https:\/\/pro-smilers.biotech-dental.com\/de\/startseite-allgemeinmediziner\/tarife\/\",\"name\":\"Tarife - Smilers: Dentistes\",\"isPartOf\":{\"@id\":\"https:\/\/pro-smilers.biotech-dental.com\/de\/#website\"},\"datePublished\":\"2023-09-29T08:36:49+00:00\",\"dateModified\":\"2024-04-23T08:50:05+00:00\",\"description\":\"Preise | Angebote | Smilers\u00ae | Entdecken Sie unsere speziellen Pakete f\u00fcr Allgemeinmediziner, die von \u00e4sthetischen bis hin zu erweiterten Paketen reichen.\",\"breadcrumb\":{\"@id\":\"https:\/\/pro-smilers.biotech-dental.com\/de\/startseite-allgemeinmediziner\/tarife\/#breadcrumb\"},\"inLanguage\":\"de-DE\",\"potentialAction\":[{\"@type\":\"ReadAction\",\"target\":[\"https:\/\/pro-smilers.biotech-dental.com\/de\/startseite-allgemeinmediziner\/tarife\/\"]}]},{\"@type\":\"BreadcrumbList\",\"@id\":\"https:\/\/pro-smilers.biotech-dental.com\/de\/startseite-allgemeinmediziner\/tarife\/#breadcrumb\",\"itemListElement\":[{\"@type\":\"ListItem\",\"position\":1,\"name\":\"Accueil\",\"item\":\"https:\/\/pro-smilers.biotech-dental.com\/de\/startseite\/\"},{\"@type\":\"ListItem\",\"position\":2,\"name\":\"Startseite Allgemeinmediziner\",\"item\":\"https:\/\/pro-smilers.biotech-dental.com\/de\/startseite-allgemeinmediziner\/\"},{\"@type\":\"ListItem\",\"position\":3,\"name\":\"Tarife\"}]},{\"@type\":\"WebSite\",\"@id\":\"https:\/\/pro-smilers.biotech-dental.com\/de\/#website\",\"url\":\"https:\/\/pro-smilers.biotech-dental.com\/de\/\",\"name\":\"Smilers: Dentistes\",\"description\":\"Smilers est un dispositif m\u00e9dical sur mesure r\u00e9serv\u00e9 aux dentistes et aux orthodontistes permettant la correction de l&#039;alignement de la denture.\",\"publisher\":{\"@id\":\"https:\/\/pro-smilers.biotech-dental.com\/de\/#organization\"},\"potentialAction\":[{\"@type\":\"SearchAction\",\"target\":{\"@type\":\"EntryPoint\",\"urlTemplate\":\"https:\/\/pro-smilers.biotech-dental.com\/de\/?s={search_term_string}\"},\"query-input\":\"required name=search_term_string\"}],\"inLanguage\":\"de-DE\"},{\"@type\":\"Organization\",\"@id\":\"https:\/\/pro-smilers.biotech-dental.com\/de\/#organization\",\"name\":\"Smilers: Dentistes\",\"url\":\"https:\/\/pro-smilers.biotech-dental.com\/de\/\",\"logo\":{\"@type\":\"ImageObject\",\"inLanguage\":\"de-DE\",\"@id\":\"https:\/\/pro-smilers.biotech-dental.com\/de\/#\/schema\/logo\/image\/\",\"url\":\"https:\/\/pro-smilers.biotech-dental.com\/wp-content\/uploads\/2023\/09\/cropped-Logo-e1695977832675.png\",\"contentUrl\":\"https:\/\/pro-smilers.biotech-dental.com\/wp-content\/uploads\/2023\/09\/cropped-Logo-e1695977832675.png\",\"width\":712,\"height\":133,\"caption\":\"Smilers: Dentistes\"},\"image\":{\"@id\":\"https:\/\/pro-smilers.biotech-dental.com\/de\/#\/schema\/logo\/image\/\"},\"sameAs\":[\"https:\/\/www.facebook.com\/SmilersAligners\/\",\"https:\/\/www.instagram.com\/smilers_aligners\"]}]}<\/script>\n<!-- \/ Yoast SEO plugin. -->","yoast_head_json":{"title":"Tarife - Smilers: Dentistes","description":"Preise | Angebote | Smilers\u00ae | Entdecken Sie unsere speziellen Pakete f\u00fcr Allgemeinmediziner, die von \u00e4sthetischen bis hin zu erweiterten Paketen reichen.","robots":{"index":"index","follow":"follow","max-snippet":"max-snippet:-1","max-image-preview":"max-image-preview:large","max-video-preview":"max-video-preview:-1"},"canonical":"https:\/\/pro-smilers.biotech-dental.com\/de\/startseite-allgemeinmediziner\/tarife\/","og_locale":"de_DE","og_type":"article","og_title":"Tarife - Smilers: Dentistes","og_description":"Preise | Angebote | Smilers\u00ae | Entdecken Sie unsere speziellen Pakete f\u00fcr Allgemeinmediziner, die von \u00e4sthetischen bis hin zu erweiterten Paketen reichen.","og_url":"https:\/\/pro-smilers.biotech-dental.com\/de\/startseite-allgemeinmediziner\/tarife\/","og_site_name":"Smilers: Dentistes","article_publisher":"https:\/\/www.facebook.com\/SmilersAligners\/","article_modified_time":"2024-04-23T08:50:05+00:00","twitter_card":"summary_large_image","schema":{"@context":"https:\/\/schema.org","@graph":[{"@type":"WebPage","@id":"https:\/\/pro-smilers.biotech-dental.com\/de\/startseite-allgemeinmediziner\/tarife\/","url":"https:\/\/pro-smilers.biotech-dental.com\/de\/startseite-allgemeinmediziner\/tarife\/","name":"Tarife - Smilers: Dentistes","isPartOf":{"@id":"https:\/\/pro-smilers.biotech-dental.com\/de\/#website"},"datePublished":"2023-09-29T08:36:49+00:00","dateModified":"2024-04-23T08:50:05+00:00","description":"Preise | Angebote | Smilers\u00ae | Entdecken Sie unsere speziellen Pakete f\u00fcr Allgemeinmediziner, die von \u00e4sthetischen bis hin zu erweiterten Paketen reichen.","breadcrumb":{"@id":"https:\/\/pro-smilers.biotech-dental.com\/de\/startseite-allgemeinmediziner\/tarife\/#breadcrumb"},"inLanguage":"de-DE","potentialAction":[{"@type":"ReadAction","target":["https:\/\/pro-smilers.biotech-dental.com\/de\/startseite-allgemeinmediziner\/tarife\/"]}]},{"@type":"BreadcrumbList","@id":"https:\/\/pro-smilers.biotech-dental.com\/de\/startseite-allgemeinmediziner\/tarife\/#breadcrumb","itemListElement":[{"@type":"ListItem","position":1,"name":"Accueil","item":"https:\/\/pro-smilers.biotech-dental.com\/de\/startseite\/"},{"@type":"ListItem","position":2,"name":"Startseite Allgemeinmediziner","item":"https:\/\/pro-smilers.biotech-dental.com\/de\/startseite-allgemeinmediziner\/"},{"@type":"ListItem","position":3,"name":"Tarife"}]},{"@type":"WebSite","@id":"https:\/\/pro-smilers.biotech-dental.com\/de\/#website","url":"https:\/\/pro-smilers.biotech-dental.com\/de\/","name":"Smilers: Dentistes","description":"Smilers est un dispositif m\u00e9dical sur mesure r\u00e9serv\u00e9 aux dentistes et aux orthodontistes permettant la correction de l&#039;alignement de la denture.","publisher":{"@id":"https:\/\/pro-smilers.biotech-dental.com\/de\/#organization"},"potentialAction":[{"@type":"SearchAction","target":{"@type":"EntryPoint","urlTemplate":"https:\/\/pro-smilers.biotech-dental.com\/de\/?s={search_term_string}"},"query-input":"required name=search_term_string"}],"inLanguage":"de-DE"},{"@type":"Organization","@id":"https:\/\/pro-smilers.biotech-dental.com\/de\/#organization","name":"Smilers: Dentistes","url":"https:\/\/pro-smilers.biotech-dental.com\/de\/","logo":{"@type":"ImageObject","inLanguage":"de-DE","@id":"https:\/\/pro-smilers.biotech-dental.com\/de\/#\/schema\/logo\/image\/","url":"https:\/\/pro-smilers.biotech-dental.com\/wp-content\/uploads\/2023\/09\/cropped-Logo-e1695977832675.png","contentUrl":"https:\/\/pro-smilers.biotech-dental.com\/wp-content\/uploads\/2023\/09\/cropped-Logo-e1695977832675.png","width":712,"height":133,"caption":"Smilers: Dentistes"},"image":{"@id":"https:\/\/pro-smilers.biotech-dental.com\/de\/#\/schema\/logo\/image\/"},"sameAs":["https:\/\/www.facebook.com\/SmilersAligners\/","https:\/\/www.instagram.com\/smilers_aligners"]}]}},"featured_image_src":null,"featured_image_src_square":null,"_links":{"self":[{"href":"https:\/\/pro-smilers.biotech-dental.com\/de\/wp-json\/wp\/v2\/pages\/950","targetHints":{"allow":["GET"]}}],"collection":[{"href":"https:\/\/pro-smilers.biotech-dental.com\/de\/wp-json\/wp\/v2\/pages"}],"about":[{"href":"https:\/\/pro-smilers.biotech-dental.com\/de\/wp-json\/wp\/v2\/types\/page"}],"author":[{"embeddable":true,"href":"https:\/\/pro-smilers.biotech-dental.com\/de\/wp-json\/wp\/v2\/users\/1"}],"replies":[{"embeddable":true,"href":"https:\/\/pro-smilers.biotech-dental.com\/de\/wp-json\/wp\/v2\/comments?post=950"}],"version-history":[{"count":0,"href":"https:\/\/pro-smilers.biotech-dental.com\/de\/wp-json\/wp\/v2\/pages\/950\/revisions"}],"up":[{"embeddable":true,"href":"https:\/\/pro-smilers.biotech-dental.com\/de\/wp-json\/wp\/v2\/pages\/951"}],"wp:attachment":[{"href":"https:\/\/pro-smilers.biotech-dental.com\/de\/wp-json\/wp\/v2\/media?parent=950"}],"curies":[{"name":"wp","href":"https:\/\/api.w.org\/{rel}","templated":true}]}}