{"id":1720,"date":"2024-04-11T01:52:23","date_gmt":"2024-04-11T01:52:23","guid":{"rendered":"https:\/\/pro-smilers.biotech-dental.com\/our-expert-platform\/"},"modified":"2024-04-19T09:59:52","modified_gmt":"2024-04-19T09:59:52","slug":"our-expert-platform","status":"publish","type":"page","link":"https:\/\/pro-smilers.biotech-dental.com\/en\/orthodontists-home\/our-expert-platform\/","title":{"rendered":"Our expert platform"},"content":{"rendered":"","protected":false},"excerpt":{"rendered":"","protected":false},"author":1,"featured_media":0,"parent":1112,"menu_order":0,"comment_status":"closed","ping_status":"closed","template":"","meta":{"footnotes":""},"class_list":["post-1720","page","type-page","status-publish","hentry"],"yoast_head":"<!-- This site is optimized with the Yoast SEO plugin v23.3 - https:\/\/yoast.com\/wordpress\/plugins\/seo\/ -->\n<title>Our expert platform - Smilers: Dentistes<\/title>\n<meta name=\"description\" content=\"Smilers\u00ae Expert platform | A new-generation platform, hybrid treatments for new smiles\" \/>\n<meta name=\"robots\" content=\"index, follow, max-snippet:-1, max-image-preview:large, max-video-preview:-1\" \/>\n<link rel=\"canonical\" href=\"https:\/\/pro-smilers.biotech-dental.com\/en\/orthodontists-home\/our-expert-platform\/\" \/>\n<meta property=\"og:locale\" content=\"en_US\" \/>\n<meta property=\"og:type\" content=\"article\" \/>\n<meta property=\"og:title\" content=\"Our expert platform - Smilers: Dentistes\" \/>\n<meta property=\"og:description\" content=\"Smilers\u00ae Expert platform | A new-generation platform, hybrid treatments for new smiles\" \/>\n<meta property=\"og:url\" content=\"https:\/\/pro-smilers.biotech-dental.com\/en\/orthodontists-home\/our-expert-platform\/\" \/>\n<meta property=\"og:site_name\" content=\"Smilers: Dentistes\" \/>\n<meta property=\"article:publisher\" content=\"https:\/\/www.facebook.com\/SmilersAligners\/\" \/>\n<meta property=\"article:modified_time\" content=\"2024-04-19T09:59:52+00:00\" \/>\n<meta name=\"twitter:card\" content=\"summary_large_image\" \/>\n<script type=\"application\/ld+json\" class=\"yoast-schema-graph\">{\"@context\":\"https:\/\/schema.org\",\"@graph\":[{\"@type\":\"WebPage\",\"@id\":\"https:\/\/pro-smilers.biotech-dental.com\/en\/orthodontists-home\/our-expert-platform\/\",\"url\":\"https:\/\/pro-smilers.biotech-dental.com\/en\/orthodontists-home\/our-expert-platform\/\",\"name\":\"Our expert platform - Smilers: Dentistes\",\"isPartOf\":{\"@id\":\"https:\/\/pro-smilers.biotech-dental.com\/en\/#website\"},\"datePublished\":\"2024-04-11T01:52:23+00:00\",\"dateModified\":\"2024-04-19T09:59:52+00:00\",\"description\":\"Smilers\u00ae Expert platform | A new-generation platform, hybrid treatments for new smiles\",\"breadcrumb\":{\"@id\":\"https:\/\/pro-smilers.biotech-dental.com\/en\/orthodontists-home\/our-expert-platform\/#breadcrumb\"},\"inLanguage\":\"en-US\",\"potentialAction\":[{\"@type\":\"ReadAction\",\"target\":[\"https:\/\/pro-smilers.biotech-dental.com\/en\/orthodontists-home\/our-expert-platform\/\"]}]},{\"@type\":\"BreadcrumbList\",\"@id\":\"https:\/\/pro-smilers.biotech-dental.com\/en\/orthodontists-home\/our-expert-platform\/#breadcrumb\",\"itemListElement\":[{\"@type\":\"ListItem\",\"position\":1,\"name\":\"Accueil\",\"item\":\"https:\/\/pro-smilers.biotech-dental.com\/en\/home\/\"},{\"@type\":\"ListItem\",\"position\":2,\"name\":\"Orthodontists home\",\"item\":\"https:\/\/pro-smilers.biotech-dental.com\/en\/orthodontists-home\/\"},{\"@type\":\"ListItem\",\"position\":3,\"name\":\"Our expert platform\"}]},{\"@type\":\"WebSite\",\"@id\":\"https:\/\/pro-smilers.biotech-dental.com\/en\/#website\",\"url\":\"https:\/\/pro-smilers.biotech-dental.com\/en\/\",\"name\":\"Smilers: Dentistes\",\"description\":\"Smilers est un dispositif m\u00e9dical sur mesure r\u00e9serv\u00e9 aux dentistes et aux orthodontistes permettant la correction de l&#039;alignement de la denture.\",\"publisher\":{\"@id\":\"https:\/\/pro-smilers.biotech-dental.com\/en\/#organization\"},\"potentialAction\":[{\"@type\":\"SearchAction\",\"target\":{\"@type\":\"EntryPoint\",\"urlTemplate\":\"https:\/\/pro-smilers.biotech-dental.com\/en\/?s={search_term_string}\"},\"query-input\":\"required name=search_term_string\"}],\"inLanguage\":\"en-US\"},{\"@type\":\"Organization\",\"@id\":\"https:\/\/pro-smilers.biotech-dental.com\/en\/#organization\",\"name\":\"Smilers: Dentistes\",\"url\":\"https:\/\/pro-smilers.biotech-dental.com\/en\/\",\"logo\":{\"@type\":\"ImageObject\",\"inLanguage\":\"en-US\",\"@id\":\"https:\/\/pro-smilers.biotech-dental.com\/en\/#\/schema\/logo\/image\/\",\"url\":\"https:\/\/pro-smilers.biotech-dental.com\/wp-content\/uploads\/2023\/09\/cropped-Logo-e1695977832675.png\",\"contentUrl\":\"https:\/\/pro-smilers.biotech-dental.com\/wp-content\/uploads\/2023\/09\/cropped-Logo-e1695977832675.png\",\"width\":712,\"height\":133,\"caption\":\"Smilers: Dentistes\"},\"image\":{\"@id\":\"https:\/\/pro-smilers.biotech-dental.com\/en\/#\/schema\/logo\/image\/\"},\"sameAs\":[\"https:\/\/www.facebook.com\/SmilersAligners\/\",\"https:\/\/www.instagram.com\/smilers_aligners\"]}]}<\/script>\n<!-- \/ Yoast SEO plugin. -->","yoast_head_json":{"title":"Our expert platform - Smilers: Dentistes","description":"Smilers\u00ae Expert platform | A new-generation platform, hybrid treatments for new smiles","robots":{"index":"index","follow":"follow","max-snippet":"max-snippet:-1","max-image-preview":"max-image-preview:large","max-video-preview":"max-video-preview:-1"},"canonical":"https:\/\/pro-smilers.biotech-dental.com\/en\/orthodontists-home\/our-expert-platform\/","og_locale":"en_US","og_type":"article","og_title":"Our expert platform - Smilers: Dentistes","og_description":"Smilers\u00ae Expert platform | A new-generation platform, hybrid treatments for new smiles","og_url":"https:\/\/pro-smilers.biotech-dental.com\/en\/orthodontists-home\/our-expert-platform\/","og_site_name":"Smilers: Dentistes","article_publisher":"https:\/\/www.facebook.com\/SmilersAligners\/","article_modified_time":"2024-04-19T09:59:52+00:00","twitter_card":"summary_large_image","schema":{"@context":"https:\/\/schema.org","@graph":[{"@type":"WebPage","@id":"https:\/\/pro-smilers.biotech-dental.com\/en\/orthodontists-home\/our-expert-platform\/","url":"https:\/\/pro-smilers.biotech-dental.com\/en\/orthodontists-home\/our-expert-platform\/","name":"Our expert platform - Smilers: Dentistes","isPartOf":{"@id":"https:\/\/pro-smilers.biotech-dental.com\/en\/#website"},"datePublished":"2024-04-11T01:52:23+00:00","dateModified":"2024-04-19T09:59:52+00:00","description":"Smilers\u00ae Expert platform | A new-generation platform, hybrid treatments for new smiles","breadcrumb":{"@id":"https:\/\/pro-smilers.biotech-dental.com\/en\/orthodontists-home\/our-expert-platform\/#breadcrumb"},"inLanguage":"en-US","potentialAction":[{"@type":"ReadAction","target":["https:\/\/pro-smilers.biotech-dental.com\/en\/orthodontists-home\/our-expert-platform\/"]}]},{"@type":"BreadcrumbList","@id":"https:\/\/pro-smilers.biotech-dental.com\/en\/orthodontists-home\/our-expert-platform\/#breadcrumb","itemListElement":[{"@type":"ListItem","position":1,"name":"Accueil","item":"https:\/\/pro-smilers.biotech-dental.com\/en\/home\/"},{"@type":"ListItem","position":2,"name":"Orthodontists home","item":"https:\/\/pro-smilers.biotech-dental.com\/en\/orthodontists-home\/"},{"@type":"ListItem","position":3,"name":"Our expert platform"}]},{"@type":"WebSite","@id":"https:\/\/pro-smilers.biotech-dental.com\/en\/#website","url":"https:\/\/pro-smilers.biotech-dental.com\/en\/","name":"Smilers: Dentistes","description":"Smilers est un dispositif m\u00e9dical sur mesure r\u00e9serv\u00e9 aux dentistes et aux orthodontistes permettant la correction de l&#039;alignement de la denture.","publisher":{"@id":"https:\/\/pro-smilers.biotech-dental.com\/en\/#organization"},"potentialAction":[{"@type":"SearchAction","target":{"@type":"EntryPoint","urlTemplate":"https:\/\/pro-smilers.biotech-dental.com\/en\/?s={search_term_string}"},"query-input":"required name=search_term_string"}],"inLanguage":"en-US"},{"@type":"Organization","@id":"https:\/\/pro-smilers.biotech-dental.com\/en\/#organization","name":"Smilers: Dentistes","url":"https:\/\/pro-smilers.biotech-dental.com\/en\/","logo":{"@type":"ImageObject","inLanguage":"en-US","@id":"https:\/\/pro-smilers.biotech-dental.com\/en\/#\/schema\/logo\/image\/","url":"https:\/\/pro-smilers.biotech-dental.com\/wp-content\/uploads\/2023\/09\/cropped-Logo-e1695977832675.png","contentUrl":"https:\/\/pro-smilers.biotech-dental.com\/wp-content\/uploads\/2023\/09\/cropped-Logo-e1695977832675.png","width":712,"height":133,"caption":"Smilers: Dentistes"},"image":{"@id":"https:\/\/pro-smilers.biotech-dental.com\/en\/#\/schema\/logo\/image\/"},"sameAs":["https:\/\/www.facebook.com\/SmilersAligners\/","https:\/\/www.instagram.com\/smilers_aligners"]}]}},"featured_image_src":null,"featured_image_src_square":null,"_links":{"self":[{"href":"https:\/\/pro-smilers.biotech-dental.com\/en\/wp-json\/wp\/v2\/pages\/1720","targetHints":{"allow":["GET"]}}],"collection":[{"href":"https:\/\/pro-smilers.biotech-dental.com\/en\/wp-json\/wp\/v2\/pages"}],"about":[{"href":"https:\/\/pro-smilers.biotech-dental.com\/en\/wp-json\/wp\/v2\/types\/page"}],"author":[{"embeddable":true,"href":"https:\/\/pro-smilers.biotech-dental.com\/en\/wp-json\/wp\/v2\/users\/1"}],"replies":[{"embeddable":true,"href":"https:\/\/pro-smilers.biotech-dental.com\/en\/wp-json\/wp\/v2\/comments?post=1720"}],"version-history":[{"count":0,"href":"https:\/\/pro-smilers.biotech-dental.com\/en\/wp-json\/wp\/v2\/pages\/1720\/revisions"}],"up":[{"embeddable":true,"href":"https:\/\/pro-smilers.biotech-dental.com\/en\/wp-json\/wp\/v2\/pages\/1112"}],"wp:attachment":[{"href":"https:\/\/pro-smilers.biotech-dental.com\/en\/wp-json\/wp\/v2\/media?parent=1720"}],"curies":[{"name":"wp","href":"https:\/\/api.w.org\/{rel}","templated":true}]}}