{"id":1715,"date":"2024-04-11T01:52:23","date_gmt":"2024-04-11T01:52:23","guid":{"rendered":"https:\/\/pro-smilers.biotech-dental.com\/%e3%82%a8%e3%82%ad%e3%82%b9%e3%83%91%e3%83%bc%e3%83%88%e3%83%bb%e3%83%97%e3%83%a9%e3%83%83%e3%83%88%e3%83%95%e3%82%a9%e3%83%bc%e3%83%a0\/"},"modified":"2024-04-19T09:59:54","modified_gmt":"2024-04-19T09:59:54","slug":"%e3%82%a8%e3%82%ad%e3%82%b9%e3%83%91%e3%83%bc%e3%83%88%e3%83%bb%e3%83%97%e3%83%a9%e3%83%83%e3%83%88%e3%83%95%e3%82%a9%e3%83%bc%e3%83%a0","status":"publish","type":"page","link":"https:\/\/pro-smilers.biotech-dental.com\/ja\/%e3%82%a8%e3%82%ad%e3%82%b9%e3%83%91%e3%83%bc%e3%83%88%e3%83%bb%e3%83%97%e3%83%a9%e3%83%83%e3%83%88%e3%83%95%e3%82%a9%e3%83%bc%e3%83%a0\/","title":{"rendered":"\u30a8\u30ad\u30b9\u30d1\u30fc\u30c8\u30fb\u30d7\u30e9\u30c3\u30c8\u30d5\u30a9\u30fc\u30e0"},"content":{"rendered":"","protected":false},"excerpt":{"rendered":"","protected":false},"author":1,"featured_media":0,"parent":0,"menu_order":0,"comment_status":"closed","ping_status":"closed","template":"","meta":{"footnotes":""},"class_list":["post-1715","page","type-page","status-publish","hentry"],"yoast_head":"<!-- This site is optimized with the Yoast SEO plugin v23.3 - https:\/\/yoast.com\/wordpress\/plugins\/seo\/ -->\n<title>\u30a8\u30ad\u30b9\u30d1\u30fc\u30c8\u30fb\u30d7\u30e9\u30c3\u30c8\u30d5\u30a9\u30fc\u30e0 - Smilers: Dentistes<\/title>\n<meta name=\"description\" content=\"Smilers\u00ae Expert \u30d7\u30e9\u30c3\u30c8\u30d5\u30a9\u30fc\u30e0\uff5c\u65b0\u4e16\u4ee3\u306e\u30d7\u30e9\u30c3\u30c8\u30d5\u30a9\u30fc\u30e0\u3001\u65b0\u3057\u3044\u7b11\u9854\u306e\u305f\u3081\u306e\u30cf\u30a4\u30d6\u30ea\u30c3\u30c9\u6cbb\u7642\" \/>\n<meta name=\"robots\" content=\"index, follow, max-snippet:-1, max-image-preview:large, max-video-preview:-1\" \/>\n<link rel=\"canonical\" href=\"https:\/\/pro-smilers.biotech-dental.com\/ja\/%e3%82%a8%e3%82%ad%e3%82%b9%e3%83%91%e3%83%bc%e3%83%88%e3%83%bb%e3%83%97%e3%83%a9%e3%83%83%e3%83%88%e3%83%95%e3%82%a9%e3%83%bc%e3%83%a0\/\" \/>\n<meta property=\"og:locale\" content=\"ja_JP\" \/>\n<meta property=\"og:type\" content=\"article\" \/>\n<meta property=\"og:title\" content=\"\u30a8\u30ad\u30b9\u30d1\u30fc\u30c8\u30fb\u30d7\u30e9\u30c3\u30c8\u30d5\u30a9\u30fc\u30e0 - Smilers: Dentistes\" \/>\n<meta property=\"og:description\" content=\"Smilers\u00ae Expert \u30d7\u30e9\u30c3\u30c8\u30d5\u30a9\u30fc\u30e0\uff5c\u65b0\u4e16\u4ee3\u306e\u30d7\u30e9\u30c3\u30c8\u30d5\u30a9\u30fc\u30e0\u3001\u65b0\u3057\u3044\u7b11\u9854\u306e\u305f\u3081\u306e\u30cf\u30a4\u30d6\u30ea\u30c3\u30c9\u6cbb\u7642\" \/>\n<meta property=\"og:url\" content=\"https:\/\/pro-smilers.biotech-dental.com\/ja\/%e3%82%a8%e3%82%ad%e3%82%b9%e3%83%91%e3%83%bc%e3%83%88%e3%83%bb%e3%83%97%e3%83%a9%e3%83%83%e3%83%88%e3%83%95%e3%82%a9%e3%83%bc%e3%83%a0\/\" \/>\n<meta property=\"og:site_name\" content=\"Smilers: Dentistes\" \/>\n<meta property=\"article:publisher\" content=\"https:\/\/www.facebook.com\/SmilersAligners\/\" \/>\n<meta property=\"article:modified_time\" content=\"2024-04-19T09:59:54+00:00\" \/>\n<meta name=\"twitter:card\" content=\"summary_large_image\" \/>\n<script type=\"application\/ld+json\" class=\"yoast-schema-graph\">{\"@context\":\"https:\/\/schema.org\",\"@graph\":[{\"@type\":\"WebPage\",\"@id\":\"https:\/\/pro-smilers.biotech-dental.com\/ja\/%e3%82%a8%e3%82%ad%e3%82%b9%e3%83%91%e3%83%bc%e3%83%88%e3%83%bb%e3%83%97%e3%83%a9%e3%83%83%e3%83%88%e3%83%95%e3%82%a9%e3%83%bc%e3%83%a0\/\",\"url\":\"https:\/\/pro-smilers.biotech-dental.com\/ja\/%e3%82%a8%e3%82%ad%e3%82%b9%e3%83%91%e3%83%bc%e3%83%88%e3%83%bb%e3%83%97%e3%83%a9%e3%83%83%e3%83%88%e3%83%95%e3%82%a9%e3%83%bc%e3%83%a0\/\",\"name\":\"\u30a8\u30ad\u30b9\u30d1\u30fc\u30c8\u30fb\u30d7\u30e9\u30c3\u30c8\u30d5\u30a9\u30fc\u30e0 - Smilers: Dentistes\",\"isPartOf\":{\"@id\":\"https:\/\/pro-smilers.biotech-dental.com\/ja\/#website\"},\"datePublished\":\"2024-04-11T01:52:23+00:00\",\"dateModified\":\"2024-04-19T09:59:54+00:00\",\"description\":\"Smilers\u00ae Expert \u30d7\u30e9\u30c3\u30c8\u30d5\u30a9\u30fc\u30e0\uff5c\u65b0\u4e16\u4ee3\u306e\u30d7\u30e9\u30c3\u30c8\u30d5\u30a9\u30fc\u30e0\u3001\u65b0\u3057\u3044\u7b11\u9854\u306e\u305f\u3081\u306e\u30cf\u30a4\u30d6\u30ea\u30c3\u30c9\u6cbb\u7642\",\"breadcrumb\":{\"@id\":\"https:\/\/pro-smilers.biotech-dental.com\/ja\/%e3%82%a8%e3%82%ad%e3%82%b9%e3%83%91%e3%83%bc%e3%83%88%e3%83%bb%e3%83%97%e3%83%a9%e3%83%83%e3%83%88%e3%83%95%e3%82%a9%e3%83%bc%e3%83%a0\/#breadcrumb\"},\"inLanguage\":\"ja\",\"potentialAction\":[{\"@type\":\"ReadAction\",\"target\":[\"https:\/\/pro-smilers.biotech-dental.com\/ja\/%e3%82%a8%e3%82%ad%e3%82%b9%e3%83%91%e3%83%bc%e3%83%88%e3%83%bb%e3%83%97%e3%83%a9%e3%83%83%e3%83%88%e3%83%95%e3%82%a9%e3%83%bc%e3%83%a0\/\"]}]},{\"@type\":\"BreadcrumbList\",\"@id\":\"https:\/\/pro-smilers.biotech-dental.com\/ja\/%e3%82%a8%e3%82%ad%e3%82%b9%e3%83%91%e3%83%bc%e3%83%88%e3%83%bb%e3%83%97%e3%83%a9%e3%83%83%e3%83%88%e3%83%95%e3%82%a9%e3%83%bc%e3%83%a0\/#breadcrumb\",\"itemListElement\":[{\"@type\":\"ListItem\",\"position\":1,\"name\":\"Accueil\",\"item\":\"https:\/\/pro-smilers.biotech-dental.com\/ja\/inicio\/\"},{\"@type\":\"ListItem\",\"position\":2,\"name\":\"\u30a8\u30ad\u30b9\u30d1\u30fc\u30c8\u30fb\u30d7\u30e9\u30c3\u30c8\u30d5\u30a9\u30fc\u30e0\"}]},{\"@type\":\"WebSite\",\"@id\":\"https:\/\/pro-smilers.biotech-dental.com\/ja\/#website\",\"url\":\"https:\/\/pro-smilers.biotech-dental.com\/ja\/\",\"name\":\"Smilers: Dentistes\",\"description\":\"Smilers est un dispositif m\u00e9dical sur mesure r\u00e9serv\u00e9 aux dentistes et aux orthodontistes permettant la correction de l&#039;alignement de la denture.\",\"publisher\":{\"@id\":\"https:\/\/pro-smilers.biotech-dental.com\/ja\/#organization\"},\"potentialAction\":[{\"@type\":\"SearchAction\",\"target\":{\"@type\":\"EntryPoint\",\"urlTemplate\":\"https:\/\/pro-smilers.biotech-dental.com\/ja\/?s={search_term_string}\"},\"query-input\":\"required name=search_term_string\"}],\"inLanguage\":\"ja\"},{\"@type\":\"Organization\",\"@id\":\"https:\/\/pro-smilers.biotech-dental.com\/ja\/#organization\",\"name\":\"Smilers: Dentistes\",\"url\":\"https:\/\/pro-smilers.biotech-dental.com\/ja\/\",\"logo\":{\"@type\":\"ImageObject\",\"inLanguage\":\"ja\",\"@id\":\"https:\/\/pro-smilers.biotech-dental.com\/ja\/#\/schema\/logo\/image\/\",\"url\":\"https:\/\/pro-smilers.biotech-dental.com\/wp-content\/uploads\/2023\/09\/cropped-Logo-e1695977832675.png\",\"contentUrl\":\"https:\/\/pro-smilers.biotech-dental.com\/wp-content\/uploads\/2023\/09\/cropped-Logo-e1695977832675.png\",\"width\":712,\"height\":133,\"caption\":\"Smilers: Dentistes\"},\"image\":{\"@id\":\"https:\/\/pro-smilers.biotech-dental.com\/ja\/#\/schema\/logo\/image\/\"},\"sameAs\":[\"https:\/\/www.facebook.com\/SmilersAligners\/\",\"https:\/\/www.instagram.com\/smilers_aligners\"]}]}<\/script>\n<!-- \/ Yoast SEO plugin. -->","yoast_head_json":{"title":"\u30a8\u30ad\u30b9\u30d1\u30fc\u30c8\u30fb\u30d7\u30e9\u30c3\u30c8\u30d5\u30a9\u30fc\u30e0 - Smilers: Dentistes","description":"Smilers\u00ae Expert \u30d7\u30e9\u30c3\u30c8\u30d5\u30a9\u30fc\u30e0\uff5c\u65b0\u4e16\u4ee3\u306e\u30d7\u30e9\u30c3\u30c8\u30d5\u30a9\u30fc\u30e0\u3001\u65b0\u3057\u3044\u7b11\u9854\u306e\u305f\u3081\u306e\u30cf\u30a4\u30d6\u30ea\u30c3\u30c9\u6cbb\u7642","robots":{"index":"index","follow":"follow","max-snippet":"max-snippet:-1","max-image-preview":"max-image-preview:large","max-video-preview":"max-video-preview:-1"},"canonical":"https:\/\/pro-smilers.biotech-dental.com\/ja\/%e3%82%a8%e3%82%ad%e3%82%b9%e3%83%91%e3%83%bc%e3%83%88%e3%83%bb%e3%83%97%e3%83%a9%e3%83%83%e3%83%88%e3%83%95%e3%82%a9%e3%83%bc%e3%83%a0\/","og_locale":"ja_JP","og_type":"article","og_title":"\u30a8\u30ad\u30b9\u30d1\u30fc\u30c8\u30fb\u30d7\u30e9\u30c3\u30c8\u30d5\u30a9\u30fc\u30e0 - Smilers: Dentistes","og_description":"Smilers\u00ae Expert \u30d7\u30e9\u30c3\u30c8\u30d5\u30a9\u30fc\u30e0\uff5c\u65b0\u4e16\u4ee3\u306e\u30d7\u30e9\u30c3\u30c8\u30d5\u30a9\u30fc\u30e0\u3001\u65b0\u3057\u3044\u7b11\u9854\u306e\u305f\u3081\u306e\u30cf\u30a4\u30d6\u30ea\u30c3\u30c9\u6cbb\u7642","og_url":"https:\/\/pro-smilers.biotech-dental.com\/ja\/%e3%82%a8%e3%82%ad%e3%82%b9%e3%83%91%e3%83%bc%e3%83%88%e3%83%bb%e3%83%97%e3%83%a9%e3%83%83%e3%83%88%e3%83%95%e3%82%a9%e3%83%bc%e3%83%a0\/","og_site_name":"Smilers: Dentistes","article_publisher":"https:\/\/www.facebook.com\/SmilersAligners\/","article_modified_time":"2024-04-19T09:59:54+00:00","twitter_card":"summary_large_image","schema":{"@context":"https:\/\/schema.org","@graph":[{"@type":"WebPage","@id":"https:\/\/pro-smilers.biotech-dental.com\/ja\/%e3%82%a8%e3%82%ad%e3%82%b9%e3%83%91%e3%83%bc%e3%83%88%e3%83%bb%e3%83%97%e3%83%a9%e3%83%83%e3%83%88%e3%83%95%e3%82%a9%e3%83%bc%e3%83%a0\/","url":"https:\/\/pro-smilers.biotech-dental.com\/ja\/%e3%82%a8%e3%82%ad%e3%82%b9%e3%83%91%e3%83%bc%e3%83%88%e3%83%bb%e3%83%97%e3%83%a9%e3%83%83%e3%83%88%e3%83%95%e3%82%a9%e3%83%bc%e3%83%a0\/","name":"\u30a8\u30ad\u30b9\u30d1\u30fc\u30c8\u30fb\u30d7\u30e9\u30c3\u30c8\u30d5\u30a9\u30fc\u30e0 - Smilers: Dentistes","isPartOf":{"@id":"https:\/\/pro-smilers.biotech-dental.com\/ja\/#website"},"datePublished":"2024-04-11T01:52:23+00:00","dateModified":"2024-04-19T09:59:54+00:00","description":"Smilers\u00ae Expert \u30d7\u30e9\u30c3\u30c8\u30d5\u30a9\u30fc\u30e0\uff5c\u65b0\u4e16\u4ee3\u306e\u30d7\u30e9\u30c3\u30c8\u30d5\u30a9\u30fc\u30e0\u3001\u65b0\u3057\u3044\u7b11\u9854\u306e\u305f\u3081\u306e\u30cf\u30a4\u30d6\u30ea\u30c3\u30c9\u6cbb\u7642","breadcrumb":{"@id":"https:\/\/pro-smilers.biotech-dental.com\/ja\/%e3%82%a8%e3%82%ad%e3%82%b9%e3%83%91%e3%83%bc%e3%83%88%e3%83%bb%e3%83%97%e3%83%a9%e3%83%83%e3%83%88%e3%83%95%e3%82%a9%e3%83%bc%e3%83%a0\/#breadcrumb"},"inLanguage":"ja","potentialAction":[{"@type":"ReadAction","target":["https:\/\/pro-smilers.biotech-dental.com\/ja\/%e3%82%a8%e3%82%ad%e3%82%b9%e3%83%91%e3%83%bc%e3%83%88%e3%83%bb%e3%83%97%e3%83%a9%e3%83%83%e3%83%88%e3%83%95%e3%82%a9%e3%83%bc%e3%83%a0\/"]}]},{"@type":"BreadcrumbList","@id":"https:\/\/pro-smilers.biotech-dental.com\/ja\/%e3%82%a8%e3%82%ad%e3%82%b9%e3%83%91%e3%83%bc%e3%83%88%e3%83%bb%e3%83%97%e3%83%a9%e3%83%83%e3%83%88%e3%83%95%e3%82%a9%e3%83%bc%e3%83%a0\/#breadcrumb","itemListElement":[{"@type":"ListItem","position":1,"name":"Accueil","item":"https:\/\/pro-smilers.biotech-dental.com\/ja\/inicio\/"},{"@type":"ListItem","position":2,"name":"\u30a8\u30ad\u30b9\u30d1\u30fc\u30c8\u30fb\u30d7\u30e9\u30c3\u30c8\u30d5\u30a9\u30fc\u30e0"}]},{"@type":"WebSite","@id":"https:\/\/pro-smilers.biotech-dental.com\/ja\/#website","url":"https:\/\/pro-smilers.biotech-dental.com\/ja\/","name":"Smilers: Dentistes","description":"Smilers est un dispositif m\u00e9dical sur mesure r\u00e9serv\u00e9 aux dentistes et aux orthodontistes permettant la correction de l&#039;alignement de la denture.","publisher":{"@id":"https:\/\/pro-smilers.biotech-dental.com\/ja\/#organization"},"potentialAction":[{"@type":"SearchAction","target":{"@type":"EntryPoint","urlTemplate":"https:\/\/pro-smilers.biotech-dental.com\/ja\/?s={search_term_string}"},"query-input":"required name=search_term_string"}],"inLanguage":"ja"},{"@type":"Organization","@id":"https:\/\/pro-smilers.biotech-dental.com\/ja\/#organization","name":"Smilers: Dentistes","url":"https:\/\/pro-smilers.biotech-dental.com\/ja\/","logo":{"@type":"ImageObject","inLanguage":"ja","@id":"https:\/\/pro-smilers.biotech-dental.com\/ja\/#\/schema\/logo\/image\/","url":"https:\/\/pro-smilers.biotech-dental.com\/wp-content\/uploads\/2023\/09\/cropped-Logo-e1695977832675.png","contentUrl":"https:\/\/pro-smilers.biotech-dental.com\/wp-content\/uploads\/2023\/09\/cropped-Logo-e1695977832675.png","width":712,"height":133,"caption":"Smilers: Dentistes"},"image":{"@id":"https:\/\/pro-smilers.biotech-dental.com\/ja\/#\/schema\/logo\/image\/"},"sameAs":["https:\/\/www.facebook.com\/SmilersAligners\/","https:\/\/www.instagram.com\/smilers_aligners"]}]}},"featured_image_src":null,"featured_image_src_square":null,"_links":{"self":[{"href":"https:\/\/pro-smilers.biotech-dental.com\/ja\/wp-json\/wp\/v2\/pages\/1715","targetHints":{"allow":["GET"]}}],"collection":[{"href":"https:\/\/pro-smilers.biotech-dental.com\/ja\/wp-json\/wp\/v2\/pages"}],"about":[{"href":"https:\/\/pro-smilers.biotech-dental.com\/ja\/wp-json\/wp\/v2\/types\/page"}],"author":[{"embeddable":true,"href":"https:\/\/pro-smilers.biotech-dental.com\/ja\/wp-json\/wp\/v2\/users\/1"}],"replies":[{"embeddable":true,"href":"https:\/\/pro-smilers.biotech-dental.com\/ja\/wp-json\/wp\/v2\/comments?post=1715"}],"version-history":[{"count":0,"href":"https:\/\/pro-smilers.biotech-dental.com\/ja\/wp-json\/wp\/v2\/pages\/1715\/revisions"}],"wp:attachment":[{"href":"https:\/\/pro-smilers.biotech-dental.com\/ja\/wp-json\/wp\/v2\/media?parent=1715"}],"curies":[{"name":"wp","href":"https:\/\/api.w.org\/{rel}","templated":true}]}}