{"id":1778,"date":"2023-09-29T08:36:49","date_gmt":"2023-09-29T08:36:49","guid":{"rendered":"https:\/\/pro-smilers.biotech-dental.com\/%e3%83%88%e3%83%ac%e3%83%bc%e3%83%8b%e3%83%b3%e3%82%b0\/"},"modified":"2023-09-29T08:36:49","modified_gmt":"2023-09-29T08:36:49","slug":"%e3%83%88%e3%83%ac%e3%83%bc%e3%83%8b%e3%83%b3%e3%82%b0","status":"publish","type":"page","link":"https:\/\/pro-smilers.biotech-dental.com\/ja\/%e3%83%88%e3%83%ac%e3%83%bc%e3%83%8b%e3%83%b3%e3%82%b0\/","title":{"rendered":"\u30c8\u30ec\u30fc\u30cb\u30f3\u30b0"},"content":{"rendered":"","protected":false},"excerpt":{"rendered":"","protected":false},"author":1,"featured_media":0,"parent":0,"menu_order":0,"comment_status":"closed","ping_status":"closed","template":"","meta":{"footnotes":""},"class_list":["post-1778","page","type-page","status-publish","hentry"],"yoast_head":"<!-- This site is optimized with the Yoast SEO plugin v23.3 - https:\/\/yoast.com\/wordpress\/plugins\/seo\/ -->\n<title>\u30c8\u30ec\u30fc\u30cb\u30f3\u30b0 - Smilers: Dentistes<\/title>\n<meta name=\"description\" content=\"\u898b\u3048\u306a\u3044\u77ef\u6b63\u6b6f\u79d1\uff5cSmilers\u00ae\uff5c\u30d0\u30a4\u30aa\u30c6\u30c3\u30af\u30fb\u30c7\u30f3\u30bf\u30eb\u30fb\u30a2\u30ab\u30c7\u30df\u30fc\u306e\u30c8\u30ec\u30fc\u30cb\u30f3\u30b0\uff1a\u8a8d\u5b9a\u6a5f\u95a2\u3068\u3057\u3066\u8a8d\u3081\u3089\u308c\u3066\u3044\u307e\u3059\u3002\" \/>\n<meta name=\"robots\" content=\"index, follow, max-snippet:-1, max-image-preview:large, max-video-preview:-1\" \/>\n<link rel=\"canonical\" href=\"https:\/\/pro-smilers.biotech-dental.com\/ja\/%e3%83%88%e3%83%ac%e3%83%bc%e3%83%8b%e3%83%b3%e3%82%b0\/\" \/>\n<meta property=\"og:locale\" content=\"ja_JP\" \/>\n<meta property=\"og:type\" content=\"article\" \/>\n<meta property=\"og:title\" content=\"\u30c8\u30ec\u30fc\u30cb\u30f3\u30b0 - Smilers: Dentistes\" \/>\n<meta property=\"og:description\" content=\"\u898b\u3048\u306a\u3044\u77ef\u6b63\u6b6f\u79d1\uff5cSmilers\u00ae\uff5c\u30d0\u30a4\u30aa\u30c6\u30c3\u30af\u30fb\u30c7\u30f3\u30bf\u30eb\u30fb\u30a2\u30ab\u30c7\u30df\u30fc\u306e\u30c8\u30ec\u30fc\u30cb\u30f3\u30b0\uff1a\u8a8d\u5b9a\u6a5f\u95a2\u3068\u3057\u3066\u8a8d\u3081\u3089\u308c\u3066\u3044\u307e\u3059\u3002\" \/>\n<meta property=\"og:url\" content=\"https:\/\/pro-smilers.biotech-dental.com\/ja\/%e3%83%88%e3%83%ac%e3%83%bc%e3%83%8b%e3%83%b3%e3%82%b0\/\" \/>\n<meta property=\"og:site_name\" content=\"Smilers: Dentistes\" \/>\n<meta property=\"article:publisher\" content=\"https:\/\/www.facebook.com\/SmilersAligners\/\" \/>\n<meta name=\"twitter:card\" content=\"summary_large_image\" \/>\n<script type=\"application\/ld+json\" class=\"yoast-schema-graph\">{\"@context\":\"https:\/\/schema.org\",\"@graph\":[{\"@type\":\"WebPage\",\"@id\":\"https:\/\/pro-smilers.biotech-dental.com\/ja\/%e3%83%88%e3%83%ac%e3%83%bc%e3%83%8b%e3%83%b3%e3%82%b0\/\",\"url\":\"https:\/\/pro-smilers.biotech-dental.com\/ja\/%e3%83%88%e3%83%ac%e3%83%bc%e3%83%8b%e3%83%b3%e3%82%b0\/\",\"name\":\"\u30c8\u30ec\u30fc\u30cb\u30f3\u30b0 - Smilers: Dentistes\",\"isPartOf\":{\"@id\":\"https:\/\/pro-smilers.biotech-dental.com\/ja\/#website\"},\"datePublished\":\"2023-09-29T08:36:49+00:00\",\"dateModified\":\"2023-09-29T08:36:49+00:00\",\"description\":\"\u898b\u3048\u306a\u3044\u77ef\u6b63\u6b6f\u79d1\uff5cSmilers\u00ae\uff5c\u30d0\u30a4\u30aa\u30c6\u30c3\u30af\u30fb\u30c7\u30f3\u30bf\u30eb\u30fb\u30a2\u30ab\u30c7\u30df\u30fc\u306e\u30c8\u30ec\u30fc\u30cb\u30f3\u30b0\uff1a\u8a8d\u5b9a\u6a5f\u95a2\u3068\u3057\u3066\u8a8d\u3081\u3089\u308c\u3066\u3044\u307e\u3059\u3002\",\"breadcrumb\":{\"@id\":\"https:\/\/pro-smilers.biotech-dental.com\/ja\/%e3%83%88%e3%83%ac%e3%83%bc%e3%83%8b%e3%83%b3%e3%82%b0\/#breadcrumb\"},\"inLanguage\":\"ja\",\"potentialAction\":[{\"@type\":\"ReadAction\",\"target\":[\"https:\/\/pro-smilers.biotech-dental.com\/ja\/%e3%83%88%e3%83%ac%e3%83%bc%e3%83%8b%e3%83%b3%e3%82%b0\/\"]}]},{\"@type\":\"BreadcrumbList\",\"@id\":\"https:\/\/pro-smilers.biotech-dental.com\/ja\/%e3%83%88%e3%83%ac%e3%83%bc%e3%83%8b%e3%83%b3%e3%82%b0\/#breadcrumb\",\"itemListElement\":[{\"@type\":\"ListItem\",\"position\":1,\"name\":\"Accueil\",\"item\":\"https:\/\/pro-smilers.biotech-dental.com\/ja\/inicio\/\"},{\"@type\":\"ListItem\",\"position\":2,\"name\":\"\u30c8\u30ec\u30fc\u30cb\u30f3\u30b0\"}]},{\"@type\":\"WebSite\",\"@id\":\"https:\/\/pro-smilers.biotech-dental.com\/ja\/#website\",\"url\":\"https:\/\/pro-smilers.biotech-dental.com\/ja\/\",\"name\":\"Smilers: Dentistes\",\"description\":\"Smilers est un dispositif m\u00e9dical sur mesure r\u00e9serv\u00e9 aux dentistes et aux orthodontistes permettant la correction de l&#039;alignement de la denture.\",\"publisher\":{\"@id\":\"https:\/\/pro-smilers.biotech-dental.com\/ja\/#organization\"},\"potentialAction\":[{\"@type\":\"SearchAction\",\"target\":{\"@type\":\"EntryPoint\",\"urlTemplate\":\"https:\/\/pro-smilers.biotech-dental.com\/ja\/?s={search_term_string}\"},\"query-input\":\"required name=search_term_string\"}],\"inLanguage\":\"ja\"},{\"@type\":\"Organization\",\"@id\":\"https:\/\/pro-smilers.biotech-dental.com\/ja\/#organization\",\"name\":\"Smilers: Dentistes\",\"url\":\"https:\/\/pro-smilers.biotech-dental.com\/ja\/\",\"logo\":{\"@type\":\"ImageObject\",\"inLanguage\":\"ja\",\"@id\":\"https:\/\/pro-smilers.biotech-dental.com\/ja\/#\/schema\/logo\/image\/\",\"url\":\"https:\/\/pro-smilers.biotech-dental.com\/wp-content\/uploads\/2023\/09\/cropped-Logo-e1695977832675.png\",\"contentUrl\":\"https:\/\/pro-smilers.biotech-dental.com\/wp-content\/uploads\/2023\/09\/cropped-Logo-e1695977832675.png\",\"width\":712,\"height\":133,\"caption\":\"Smilers: Dentistes\"},\"image\":{\"@id\":\"https:\/\/pro-smilers.biotech-dental.com\/ja\/#\/schema\/logo\/image\/\"},\"sameAs\":[\"https:\/\/www.facebook.com\/SmilersAligners\/\",\"https:\/\/www.instagram.com\/smilers_aligners\"]}]}<\/script>\n<!-- \/ Yoast SEO plugin. -->","yoast_head_json":{"title":"\u30c8\u30ec\u30fc\u30cb\u30f3\u30b0 - Smilers: Dentistes","description":"\u898b\u3048\u306a\u3044\u77ef\u6b63\u6b6f\u79d1\uff5cSmilers\u00ae\uff5c\u30d0\u30a4\u30aa\u30c6\u30c3\u30af\u30fb\u30c7\u30f3\u30bf\u30eb\u30fb\u30a2\u30ab\u30c7\u30df\u30fc\u306e\u30c8\u30ec\u30fc\u30cb\u30f3\u30b0\uff1a\u8a8d\u5b9a\u6a5f\u95a2\u3068\u3057\u3066\u8a8d\u3081\u3089\u308c\u3066\u3044\u307e\u3059\u3002","robots":{"index":"index","follow":"follow","max-snippet":"max-snippet:-1","max-image-preview":"max-image-preview:large","max-video-preview":"max-video-preview:-1"},"canonical":"https:\/\/pro-smilers.biotech-dental.com\/ja\/%e3%83%88%e3%83%ac%e3%83%bc%e3%83%8b%e3%83%b3%e3%82%b0\/","og_locale":"ja_JP","og_type":"article","og_title":"\u30c8\u30ec\u30fc\u30cb\u30f3\u30b0 - Smilers: Dentistes","og_description":"\u898b\u3048\u306a\u3044\u77ef\u6b63\u6b6f\u79d1\uff5cSmilers\u00ae\uff5c\u30d0\u30a4\u30aa\u30c6\u30c3\u30af\u30fb\u30c7\u30f3\u30bf\u30eb\u30fb\u30a2\u30ab\u30c7\u30df\u30fc\u306e\u30c8\u30ec\u30fc\u30cb\u30f3\u30b0\uff1a\u8a8d\u5b9a\u6a5f\u95a2\u3068\u3057\u3066\u8a8d\u3081\u3089\u308c\u3066\u3044\u307e\u3059\u3002","og_url":"https:\/\/pro-smilers.biotech-dental.com\/ja\/%e3%83%88%e3%83%ac%e3%83%bc%e3%83%8b%e3%83%b3%e3%82%b0\/","og_site_name":"Smilers: Dentistes","article_publisher":"https:\/\/www.facebook.com\/SmilersAligners\/","twitter_card":"summary_large_image","schema":{"@context":"https:\/\/schema.org","@graph":[{"@type":"WebPage","@id":"https:\/\/pro-smilers.biotech-dental.com\/ja\/%e3%83%88%e3%83%ac%e3%83%bc%e3%83%8b%e3%83%b3%e3%82%b0\/","url":"https:\/\/pro-smilers.biotech-dental.com\/ja\/%e3%83%88%e3%83%ac%e3%83%bc%e3%83%8b%e3%83%b3%e3%82%b0\/","name":"\u30c8\u30ec\u30fc\u30cb\u30f3\u30b0 - Smilers: Dentistes","isPartOf":{"@id":"https:\/\/pro-smilers.biotech-dental.com\/ja\/#website"},"datePublished":"2023-09-29T08:36:49+00:00","dateModified":"2023-09-29T08:36:49+00:00","description":"\u898b\u3048\u306a\u3044\u77ef\u6b63\u6b6f\u79d1\uff5cSmilers\u00ae\uff5c\u30d0\u30a4\u30aa\u30c6\u30c3\u30af\u30fb\u30c7\u30f3\u30bf\u30eb\u30fb\u30a2\u30ab\u30c7\u30df\u30fc\u306e\u30c8\u30ec\u30fc\u30cb\u30f3\u30b0\uff1a\u8a8d\u5b9a\u6a5f\u95a2\u3068\u3057\u3066\u8a8d\u3081\u3089\u308c\u3066\u3044\u307e\u3059\u3002","breadcrumb":{"@id":"https:\/\/pro-smilers.biotech-dental.com\/ja\/%e3%83%88%e3%83%ac%e3%83%bc%e3%83%8b%e3%83%b3%e3%82%b0\/#breadcrumb"},"inLanguage":"ja","potentialAction":[{"@type":"ReadAction","target":["https:\/\/pro-smilers.biotech-dental.com\/ja\/%e3%83%88%e3%83%ac%e3%83%bc%e3%83%8b%e3%83%b3%e3%82%b0\/"]}]},{"@type":"BreadcrumbList","@id":"https:\/\/pro-smilers.biotech-dental.com\/ja\/%e3%83%88%e3%83%ac%e3%83%bc%e3%83%8b%e3%83%b3%e3%82%b0\/#breadcrumb","itemListElement":[{"@type":"ListItem","position":1,"name":"Accueil","item":"https:\/\/pro-smilers.biotech-dental.com\/ja\/inicio\/"},{"@type":"ListItem","position":2,"name":"\u30c8\u30ec\u30fc\u30cb\u30f3\u30b0"}]},{"@type":"WebSite","@id":"https:\/\/pro-smilers.biotech-dental.com\/ja\/#website","url":"https:\/\/pro-smilers.biotech-dental.com\/ja\/","name":"Smilers: Dentistes","description":"Smilers est un dispositif m\u00e9dical sur mesure r\u00e9serv\u00e9 aux dentistes et aux orthodontistes permettant la correction de l&#039;alignement de la denture.","publisher":{"@id":"https:\/\/pro-smilers.biotech-dental.com\/ja\/#organization"},"potentialAction":[{"@type":"SearchAction","target":{"@type":"EntryPoint","urlTemplate":"https:\/\/pro-smilers.biotech-dental.com\/ja\/?s={search_term_string}"},"query-input":"required name=search_term_string"}],"inLanguage":"ja"},{"@type":"Organization","@id":"https:\/\/pro-smilers.biotech-dental.com\/ja\/#organization","name":"Smilers: Dentistes","url":"https:\/\/pro-smilers.biotech-dental.com\/ja\/","logo":{"@type":"ImageObject","inLanguage":"ja","@id":"https:\/\/pro-smilers.biotech-dental.com\/ja\/#\/schema\/logo\/image\/","url":"https:\/\/pro-smilers.biotech-dental.com\/wp-content\/uploads\/2023\/09\/cropped-Logo-e1695977832675.png","contentUrl":"https:\/\/pro-smilers.biotech-dental.com\/wp-content\/uploads\/2023\/09\/cropped-Logo-e1695977832675.png","width":712,"height":133,"caption":"Smilers: Dentistes"},"image":{"@id":"https:\/\/pro-smilers.biotech-dental.com\/ja\/#\/schema\/logo\/image\/"},"sameAs":["https:\/\/www.facebook.com\/SmilersAligners\/","https:\/\/www.instagram.com\/smilers_aligners"]}]}},"featured_image_src":null,"featured_image_src_square":null,"_links":{"self":[{"href":"https:\/\/pro-smilers.biotech-dental.com\/ja\/wp-json\/wp\/v2\/pages\/1778","targetHints":{"allow":["GET"]}}],"collection":[{"href":"https:\/\/pro-smilers.biotech-dental.com\/ja\/wp-json\/wp\/v2\/pages"}],"about":[{"href":"https:\/\/pro-smilers.biotech-dental.com\/ja\/wp-json\/wp\/v2\/types\/page"}],"author":[{"embeddable":true,"href":"https:\/\/pro-smilers.biotech-dental.com\/ja\/wp-json\/wp\/v2\/users\/1"}],"replies":[{"embeddable":true,"href":"https:\/\/pro-smilers.biotech-dental.com\/ja\/wp-json\/wp\/v2\/comments?post=1778"}],"version-history":[{"count":0,"href":"https:\/\/pro-smilers.biotech-dental.com\/ja\/wp-json\/wp\/v2\/pages\/1778\/revisions"}],"wp:attachment":[{"href":"https:\/\/pro-smilers.biotech-dental.com\/ja\/wp-json\/wp\/v2\/media?parent=1778"}],"curies":[{"name":"wp","href":"https:\/\/api.w.org\/{rel}","templated":true}]}}