{"id":1779,"date":"2023-09-29T08:36:49","date_gmt":"2023-09-29T08:36:49","guid":{"rendered":"https:\/\/pro-smilers.biotech-dental.com\/dao-tao\/"},"modified":"2023-09-29T08:36:49","modified_gmt":"2023-09-29T08:36:49","slug":"dao-tao","status":"publish","type":"page","link":"https:\/\/pro-smilers.biotech-dental.com\/vi\/dao-tao\/","title":{"rendered":"\u0110\u00e0o t\u1ea1o"},"content":{"rendered":"","protected":false},"excerpt":{"rendered":"","protected":false},"author":1,"featured_media":0,"parent":0,"menu_order":0,"comment_status":"closed","ping_status":"closed","template":"","meta":{"footnotes":""},"class_list":["post-1779","page","type-page","status-publish","hentry"],"yoast_head":"<!-- This site is optimized with the Yoast SEO plugin v23.3 - https:\/\/yoast.com\/wordpress\/plugins\/seo\/ -->\n<title>\u0110\u00e0o t\u1ea1o - Smilers: Dentistes<\/title>\n<meta name=\"description\" content=\"Ch\u1ec9nh nha v\u00f4 h\u00ecnh | Smilers\u00ae | \u0110\u00e0o t\u1ea1o v\u1edbi H\u1ecdc vi\u1ec7n Nha khoa C\u00f4ng ngh\u1ec7 sinh h\u1ecdc: m\u1ed9t t\u1ed5 ch\u1ee9c \u0111\u01b0\u1ee3c ch\u1ee9ng nh\u1eadn v\u00e0 c\u00f4ng nh\u1eadn.\" \/>\n<meta name=\"robots\" content=\"index, follow, max-snippet:-1, max-image-preview:large, max-video-preview:-1\" \/>\n<link rel=\"canonical\" href=\"https:\/\/pro-smilers.biotech-dental.com\/vi\/dao-tao\/\" \/>\n<meta property=\"og:locale\" content=\"vi_VN\" \/>\n<meta property=\"og:type\" content=\"article\" \/>\n<meta property=\"og:title\" content=\"\u0110\u00e0o t\u1ea1o - Smilers: Dentistes\" \/>\n<meta property=\"og:description\" content=\"Ch\u1ec9nh nha v\u00f4 h\u00ecnh | Smilers\u00ae | \u0110\u00e0o t\u1ea1o v\u1edbi H\u1ecdc vi\u1ec7n Nha khoa C\u00f4ng ngh\u1ec7 sinh h\u1ecdc: m\u1ed9t t\u1ed5 ch\u1ee9c \u0111\u01b0\u1ee3c ch\u1ee9ng nh\u1eadn v\u00e0 c\u00f4ng nh\u1eadn.\" \/>\n<meta property=\"og:url\" content=\"https:\/\/pro-smilers.biotech-dental.com\/vi\/dao-tao\/\" \/>\n<meta property=\"og:site_name\" content=\"Smilers: Dentistes\" \/>\n<meta property=\"article:publisher\" content=\"https:\/\/www.facebook.com\/SmilersAligners\/\" \/>\n<meta name=\"twitter:card\" content=\"summary_large_image\" \/>\n<script type=\"application\/ld+json\" class=\"yoast-schema-graph\">{\"@context\":\"https:\/\/schema.org\",\"@graph\":[{\"@type\":\"WebPage\",\"@id\":\"https:\/\/pro-smilers.biotech-dental.com\/vi\/dao-tao\/\",\"url\":\"https:\/\/pro-smilers.biotech-dental.com\/vi\/dao-tao\/\",\"name\":\"\u0110\u00e0o t\u1ea1o - Smilers: Dentistes\",\"isPartOf\":{\"@id\":\"https:\/\/pro-smilers.biotech-dental.com\/vi\/#website\"},\"datePublished\":\"2023-09-29T08:36:49+00:00\",\"dateModified\":\"2023-09-29T08:36:49+00:00\",\"description\":\"Ch\u1ec9nh nha v\u00f4 h\u00ecnh | Smilers\u00ae | \u0110\u00e0o t\u1ea1o v\u1edbi H\u1ecdc vi\u1ec7n Nha khoa C\u00f4ng ngh\u1ec7 sinh h\u1ecdc: m\u1ed9t t\u1ed5 ch\u1ee9c \u0111\u01b0\u1ee3c ch\u1ee9ng nh\u1eadn v\u00e0 c\u00f4ng nh\u1eadn.\",\"breadcrumb\":{\"@id\":\"https:\/\/pro-smilers.biotech-dental.com\/vi\/dao-tao\/#breadcrumb\"},\"inLanguage\":\"vi-VN\",\"potentialAction\":[{\"@type\":\"ReadAction\",\"target\":[\"https:\/\/pro-smilers.biotech-dental.com\/vi\/dao-tao\/\"]}]},{\"@type\":\"BreadcrumbList\",\"@id\":\"https:\/\/pro-smilers.biotech-dental.com\/vi\/dao-tao\/#breadcrumb\",\"itemListElement\":[{\"@type\":\"ListItem\",\"position\":1,\"name\":\"Accueil\",\"item\":\"https:\/\/pro-smilers.biotech-dental.com\/vi\/inicio\/\"},{\"@type\":\"ListItem\",\"position\":2,\"name\":\"\u0110\u00e0o t\u1ea1o\"}]},{\"@type\":\"WebSite\",\"@id\":\"https:\/\/pro-smilers.biotech-dental.com\/vi\/#website\",\"url\":\"https:\/\/pro-smilers.biotech-dental.com\/vi\/\",\"name\":\"Smilers: Dentistes\",\"description\":\"Smilers est un dispositif m\u00e9dical sur mesure r\u00e9serv\u00e9 aux dentistes et aux orthodontistes permettant la correction de l&#039;alignement de la denture.\",\"publisher\":{\"@id\":\"https:\/\/pro-smilers.biotech-dental.com\/vi\/#organization\"},\"potentialAction\":[{\"@type\":\"SearchAction\",\"target\":{\"@type\":\"EntryPoint\",\"urlTemplate\":\"https:\/\/pro-smilers.biotech-dental.com\/vi\/?s={search_term_string}\"},\"query-input\":\"required name=search_term_string\"}],\"inLanguage\":\"vi-VN\"},{\"@type\":\"Organization\",\"@id\":\"https:\/\/pro-smilers.biotech-dental.com\/vi\/#organization\",\"name\":\"Smilers: Dentistes\",\"url\":\"https:\/\/pro-smilers.biotech-dental.com\/vi\/\",\"logo\":{\"@type\":\"ImageObject\",\"inLanguage\":\"vi-VN\",\"@id\":\"https:\/\/pro-smilers.biotech-dental.com\/vi\/#\/schema\/logo\/image\/\",\"url\":\"https:\/\/pro-smilers.biotech-dental.com\/wp-content\/uploads\/2023\/09\/cropped-Logo-e1695977832675.png\",\"contentUrl\":\"https:\/\/pro-smilers.biotech-dental.com\/wp-content\/uploads\/2023\/09\/cropped-Logo-e1695977832675.png\",\"width\":712,\"height\":133,\"caption\":\"Smilers: Dentistes\"},\"image\":{\"@id\":\"https:\/\/pro-smilers.biotech-dental.com\/vi\/#\/schema\/logo\/image\/\"},\"sameAs\":[\"https:\/\/www.facebook.com\/SmilersAligners\/\",\"https:\/\/www.instagram.com\/smilers_aligners\"]}]}<\/script>\n<!-- \/ Yoast SEO plugin. -->","yoast_head_json":{"title":"\u0110\u00e0o t\u1ea1o - Smilers: Dentistes","description":"Ch\u1ec9nh nha v\u00f4 h\u00ecnh | Smilers\u00ae | \u0110\u00e0o t\u1ea1o v\u1edbi H\u1ecdc vi\u1ec7n Nha khoa C\u00f4ng ngh\u1ec7 sinh h\u1ecdc: m\u1ed9t t\u1ed5 ch\u1ee9c \u0111\u01b0\u1ee3c ch\u1ee9ng nh\u1eadn v\u00e0 c\u00f4ng nh\u1eadn.","robots":{"index":"index","follow":"follow","max-snippet":"max-snippet:-1","max-image-preview":"max-image-preview:large","max-video-preview":"max-video-preview:-1"},"canonical":"https:\/\/pro-smilers.biotech-dental.com\/vi\/dao-tao\/","og_locale":"vi_VN","og_type":"article","og_title":"\u0110\u00e0o t\u1ea1o - Smilers: Dentistes","og_description":"Ch\u1ec9nh nha v\u00f4 h\u00ecnh | Smilers\u00ae | \u0110\u00e0o t\u1ea1o v\u1edbi H\u1ecdc vi\u1ec7n Nha khoa C\u00f4ng ngh\u1ec7 sinh h\u1ecdc: m\u1ed9t t\u1ed5 ch\u1ee9c \u0111\u01b0\u1ee3c ch\u1ee9ng nh\u1eadn v\u00e0 c\u00f4ng nh\u1eadn.","og_url":"https:\/\/pro-smilers.biotech-dental.com\/vi\/dao-tao\/","og_site_name":"Smilers: Dentistes","article_publisher":"https:\/\/www.facebook.com\/SmilersAligners\/","twitter_card":"summary_large_image","schema":{"@context":"https:\/\/schema.org","@graph":[{"@type":"WebPage","@id":"https:\/\/pro-smilers.biotech-dental.com\/vi\/dao-tao\/","url":"https:\/\/pro-smilers.biotech-dental.com\/vi\/dao-tao\/","name":"\u0110\u00e0o t\u1ea1o - Smilers: Dentistes","isPartOf":{"@id":"https:\/\/pro-smilers.biotech-dental.com\/vi\/#website"},"datePublished":"2023-09-29T08:36:49+00:00","dateModified":"2023-09-29T08:36:49+00:00","description":"Ch\u1ec9nh nha v\u00f4 h\u00ecnh | Smilers\u00ae | \u0110\u00e0o t\u1ea1o v\u1edbi H\u1ecdc vi\u1ec7n Nha khoa C\u00f4ng ngh\u1ec7 sinh h\u1ecdc: m\u1ed9t t\u1ed5 ch\u1ee9c \u0111\u01b0\u1ee3c ch\u1ee9ng nh\u1eadn v\u00e0 c\u00f4ng nh\u1eadn.","breadcrumb":{"@id":"https:\/\/pro-smilers.biotech-dental.com\/vi\/dao-tao\/#breadcrumb"},"inLanguage":"vi-VN","potentialAction":[{"@type":"ReadAction","target":["https:\/\/pro-smilers.biotech-dental.com\/vi\/dao-tao\/"]}]},{"@type":"BreadcrumbList","@id":"https:\/\/pro-smilers.biotech-dental.com\/vi\/dao-tao\/#breadcrumb","itemListElement":[{"@type":"ListItem","position":1,"name":"Accueil","item":"https:\/\/pro-smilers.biotech-dental.com\/vi\/inicio\/"},{"@type":"ListItem","position":2,"name":"\u0110\u00e0o t\u1ea1o"}]},{"@type":"WebSite","@id":"https:\/\/pro-smilers.biotech-dental.com\/vi\/#website","url":"https:\/\/pro-smilers.biotech-dental.com\/vi\/","name":"Smilers: Dentistes","description":"Smilers est un dispositif m\u00e9dical sur mesure r\u00e9serv\u00e9 aux dentistes et aux orthodontistes permettant la correction de l&#039;alignement de la denture.","publisher":{"@id":"https:\/\/pro-smilers.biotech-dental.com\/vi\/#organization"},"potentialAction":[{"@type":"SearchAction","target":{"@type":"EntryPoint","urlTemplate":"https:\/\/pro-smilers.biotech-dental.com\/vi\/?s={search_term_string}"},"query-input":"required name=search_term_string"}],"inLanguage":"vi-VN"},{"@type":"Organization","@id":"https:\/\/pro-smilers.biotech-dental.com\/vi\/#organization","name":"Smilers: Dentistes","url":"https:\/\/pro-smilers.biotech-dental.com\/vi\/","logo":{"@type":"ImageObject","inLanguage":"vi-VN","@id":"https:\/\/pro-smilers.biotech-dental.com\/vi\/#\/schema\/logo\/image\/","url":"https:\/\/pro-smilers.biotech-dental.com\/wp-content\/uploads\/2023\/09\/cropped-Logo-e1695977832675.png","contentUrl":"https:\/\/pro-smilers.biotech-dental.com\/wp-content\/uploads\/2023\/09\/cropped-Logo-e1695977832675.png","width":712,"height":133,"caption":"Smilers: Dentistes"},"image":{"@id":"https:\/\/pro-smilers.biotech-dental.com\/vi\/#\/schema\/logo\/image\/"},"sameAs":["https:\/\/www.facebook.com\/SmilersAligners\/","https:\/\/www.instagram.com\/smilers_aligners"]}]}},"featured_image_src":null,"featured_image_src_square":null,"_links":{"self":[{"href":"https:\/\/pro-smilers.biotech-dental.com\/vi\/wp-json\/wp\/v2\/pages\/1779","targetHints":{"allow":["GET"]}}],"collection":[{"href":"https:\/\/pro-smilers.biotech-dental.com\/vi\/wp-json\/wp\/v2\/pages"}],"about":[{"href":"https:\/\/pro-smilers.biotech-dental.com\/vi\/wp-json\/wp\/v2\/types\/page"}],"author":[{"embeddable":true,"href":"https:\/\/pro-smilers.biotech-dental.com\/vi\/wp-json\/wp\/v2\/users\/1"}],"replies":[{"embeddable":true,"href":"https:\/\/pro-smilers.biotech-dental.com\/vi\/wp-json\/wp\/v2\/comments?post=1779"}],"version-history":[{"count":0,"href":"https:\/\/pro-smilers.biotech-dental.com\/vi\/wp-json\/wp\/v2\/pages\/1779\/revisions"}],"wp:attachment":[{"href":"https:\/\/pro-smilers.biotech-dental.com\/vi\/wp-json\/wp\/v2\/media?parent=1779"}],"curies":[{"name":"wp","href":"https:\/\/api.w.org\/{rel}","templated":true}]}}